{"id":2698,"date":"2026-01-13T08:42:31","date_gmt":"2026-01-13T08:42:31","guid":{"rendered":"https:\/\/demo-335.avantio.dev\/politique-de-cookies\/"},"modified":"2026-01-13T08:42:31","modified_gmt":"2026-01-13T08:42:31","slug":"politique-de-cookies","status":"publish","type":"page","link":"https:\/\/demo-335.avantio.dev\/fr\/politique-de-cookies\/","title":{"rendered":"Politique de Cookies"},"content":{"rendered":"<div id=\"politicas-contenido\"><div class=\"box\"><div id=\"contentPoliticaCookies\">\r\n<p>THE RENTALS COLLECTION, S.L. informe sur l'utilisation des cookies sur son site web :\u00a0<a href=\"http:\/\/www.rentalscollection.com\/fr\/\">www.rentalscollection.com\/fr\/<\/a><\/p>\r\n<p>\u00a0<\/p>\r\n<p>\u00a0<\/p>\r\n<p class=\"ds-markdown-paragraph\"><strong>Qu'est-ce que les cookies ?<\/strong><\/p>\r\n<p>Les cookies sont des fichiers qui peuvent \u00eatre t\u00e9l\u00e9charg\u00e9s sur votre \u00e9quipement via les pages web. Ce sont des outils qui jouent un r\u00f4le essentiel dans la fourniture de nombreux services de la soci\u00e9t\u00e9 de l'information. Entre autres, ils permettent \u00e0 un site web de stocker et de r\u00e9cup\u00e9rer des informations sur les habitudes de navigation d'un utilisateur ou de son \u00e9quipement et, selon les informations obtenues, ils peuvent \u00eatre utilis\u00e9s pour reconna\u00eetre l'utilisateur et am\u00e9liorer le service offert.<\/p>\r\n<p>\u00a0<\/p>\r\n<h2>Types de Cookies\u00a0<\/h2>\r\n<p class=\"ds-markdown-paragraph\">Selon l'entit\u00e9 qui g\u00e8re le domaine depuis lequel les cookies sont envoy\u00e9s et traite les donn\u00e9es obtenues, on peut distinguer deux types :<\/p>\r\n<p class=\"ds-markdown-paragraph\">Cookies propres : celles qui sont envoy\u00e9es \u00e0 l'\u00e9quipement terminal de l'utilisateur depuis un \u00e9quipement ou un domaine g\u00e9r\u00e9 par l'\u00e9diteur lui-m\u00eame et depuis lequel le service demand\u00e9 par l'utilisateur est fourni.<\/p>\r\n<p class=\"ds-markdown-paragraph\">Cookies tiers : celles qui sont envoy\u00e9es \u00e0 l'\u00e9quipement terminal de l'utilisateur depuis un \u00e9quipement ou un domaine qui n'est pas g\u00e9r\u00e9 par l'\u00e9diteur, mais par une autre entit\u00e9 qui traite les donn\u00e9es obtenues via les cookies.<\/p>\r\n<p class=\"ds-markdown-paragraph\">Dans le cas o\u00f9 les cookies sont install\u00e9s depuis un \u00e9quipement ou un domaine g\u00e9r\u00e9 par l'\u00e9diteur lui-m\u00eame, mais que les informations recueillies par celles-ci soient g\u00e9r\u00e9es par un tiers, elles ne peuvent pas \u00eatre consid\u00e9r\u00e9es comme des cookies propres.<\/p>\r\n<p class=\"ds-markdown-paragraph\">Il existe \u00e9galement une deuxi\u00e8me classification selon la dur\u00e9e pendant laquelle elles restent stock\u00e9es dans le navigateur du client, qui peut \u00eatre :<\/p>\r\n<p class=\"ds-markdown-paragraph\">Cookies de session : con\u00e7ues pour recueillir et stocker des donn\u00e9es pendant que l'utilisateur acc\u00e8de \u00e0 une page web. Elles sont g\u00e9n\u00e9ralement utilis\u00e9es pour stocker des informations qui ne sont int\u00e9ressantes \u00e0 conserver que pour la fourniture du service demand\u00e9 par l'utilisateur en une seule fois (par exemple, une liste de produits achet\u00e9s).<\/p>\r\n<p class=\"ds-markdown-paragraph\">Cookies persistantes : les donn\u00e9es restent stock\u00e9es sur le terminal et peuvent \u00eatre consult\u00e9es et trait\u00e9es pendant une p\u00e9riode d\u00e9finie par le responsable du cookie, qui peut aller de quelques minutes \u00e0 plusieurs ann\u00e9es.<\/p>\r\n<p class=\"ds-markdown-paragraph\">Enfin, il existe une autre classification avec cinq types de cookies selon la finalit\u00e9 pour laquelle les donn\u00e9es obtenues sont trait\u00e9es :<\/p>\r\n<p class=\"ds-markdown-paragraph\">Cookies techniques : celles qui permettent \u00e0 l'utilisateur de naviguer sur un site web, une plateforme ou une application et d'utiliser les diff\u00e9rentes options ou services qui y existent, comme, par exemple, contr\u00f4ler le trafic et la communication des donn\u00e9es, identifier la session, acc\u00e9der \u00e0 des parties d'acc\u00e8s restreint, se souvenir des \u00e9l\u00e9ments qui composent une commande, r\u00e9aliser le processus d'achat d'une commande, faire la demande d'inscription ou de participation \u00e0 un \u00e9v\u00e9nement, utiliser des \u00e9l\u00e9ments de s\u00e9curit\u00e9 pendant la navigation, stocker des contenus pour la diffusion de vid\u00e9os ou de sons ou partager des contenus via les r\u00e9seaux sociaux.<\/p>\r\n<p class=\"ds-markdown-paragraph\">Cookies de personnalisation : permettent \u00e0 l'utilisateur d'acc\u00e9der au service avec certaines caract\u00e9ristiques g\u00e9n\u00e9rales pr\u00e9d\u00e9finies en fonction d'une s\u00e9rie de crit\u00e8res sur le terminal de l'utilisateur, comme par exemple la langue, le type de navigateur par lequel il acc\u00e8de au service, la configuration r\u00e9gionale depuis laquelle il acc\u00e8de au service, etc.<\/p>\r\n<p class=\"ds-markdown-paragraph\">Cookies d'analyse : permettent \u00e0 leur responsable de suivre et d'analyser le comportement des utilisateurs des sites web auxquels elles sont li\u00e9es. Les informations recueillies via ce type de cookies sont utilis\u00e9es pour mesurer l'activit\u00e9 des sites web, de l'application ou de la plateforme et pour l'\u00e9laboration de profils de navigation des utilisateurs de ces sites, applications et plates-formes, afin d'apporter des am\u00e9liorations en fonction de l'analyse des donn\u00e9es d'utilisation faites par les utilisateurs du service.<\/p>\r\n<p class=\"ds-markdown-paragraph\">Cookies publicitaires : permettent la gestion, de la mani\u00e8re la plus efficace possible, des espaces publicitaires.<\/p>\r\n<p class=\"ds-markdown-paragraph\">Cookies de publicit\u00e9 comportementale : stockent des informations sur le comportement des utilisateurs obtenues par l'observation continue de leurs habitudes de navigation, ce qui permet de d\u00e9velopper un profil sp\u00e9cifique pour afficher de la publicit\u00e9 en fonction de celui-ci.<\/p>\r\n<p class=\"ds-markdown-paragraph\">Cookies de r\u00e9seaux sociaux externes : elles sont utilis\u00e9es pour que les visiteurs puissent interagir avec le contenu de diff\u00e9rentes plates-formes sociales (Facebook, YouTube, Twitter, LinkedIn, etc.) et sont g\u00e9n\u00e9r\u00e9es uniquement pour les utilisateurs de ces r\u00e9seaux sociaux. Les conditions d'utilisation de ces cookies et les informations recueillies sont r\u00e9gies par la politique de confidentialit\u00e9 de la plateforme sociale correspondante.<\/p>\r\n<p>\u00a0<\/p>\r\n<div class=\"ds-message _63c77b1\">\r\n<div class=\"ds-markdown\">\r\n<p class=\"ds-markdown-paragraph\"><strong>D\u00e9sactivation et suppression des cookies<\/strong><\/p>\r\n<\/div>\r\n<\/div>\r\n<p class=\"ds-markdown-paragraph\">Vous avez la possibilit\u00e9 d'autoriser, de bloquer ou de supprimer les cookies install\u00e9s sur votre \u00e9quipement en configurant les options du navigateur install\u00e9 sur votre \u00e9quipement. En d\u00e9sactivant les cookies, certains des services disponibles pourraient cesser de fonctionner. La mani\u00e8re de d\u00e9sactiver les cookies est diff\u00e9rente pour chaque navigateur, mais elle peut g\u00e9n\u00e9ralement se faire \u00e0 partir du menu Outils ou Options. Vous pouvez \u00e9galement consulter le menu Aide du navigateur o\u00f9 vous trouverez des instructions. L'utilisateur pourra \u00e0 tout moment choisir quels cookies il souhaite voir fonctionner sur ce site web.<\/p>\r\n<p class=\"ds-markdown-paragraph\">Vous pouvez autoriser, bloquer ou supprimer les cookies install\u00e9s sur votre \u00e9quipement en configurant les options du navigateur install\u00e9 sur votre ordinateur :<\/p>\r\n<p class=\"ds-markdown-paragraph\">Microsoft Internet Explorer ou Microsoft Edge :\u00a0<a href=\"http:\/\/windows.microsoft.com\/es-es\/windows-vista\/Block-or-allow-cookies\" target=\"_blank\" rel=\"noreferrer\">http:\/\/windows.microsoft.com\/es-es\/windows-vista\/Block-or-allow-cookies<\/a><\/p>\r\n<p class=\"ds-markdown-paragraph\">Mozilla Firefox :\u00a0<a href=\"http:\/\/support.mozilla.org\/es\/kb\/impedir-que-los-sitios-web-guarden-sus-preferenci\" target=\"_blank\" rel=\"noreferrer\">http:\/\/support.mozilla.org\/es\/kb\/impedir-que-los-sitios-web-guarden-sus-preferenci<\/a><\/p>\r\n<p class=\"ds-markdown-paragraph\">Chrome :\u00a0<a href=\"https:\/\/support.google.com\/accounts\/answer\/61416?hl=fr\" target=\"_blank\" rel=\"noreferrer\">https:\/\/support.google.com\/accounts\/answer\/61416?hl=fr<\/a><\/p>\r\n<p class=\"ds-markdown-paragraph\">Safari :\u00a0<a href=\"http:\/\/safari.helpmax.net\/es\/privacidad-y-seguridad\/como-gestionar-las-cookies\" target=\"_blank\" rel=\"noreferrer\">http:\/\/safari.helpmax.net\/es\/privacidad-y-seguridad\/como-gestionar-las-cookies<\/a><br \/>Opera :\u00a0<a href=\"http:\/\/help.opera.com\/Linux\/10.60\/es-ES\/cookies.html\" target=\"_blank\" rel=\"noreferrer\">http:\/\/help.opera.com\/Linux\/10.60\/es-ES\/cookies.html<\/a><\/p>\r\n<p class=\"ds-markdown-paragraph\">De plus, vous pouvez \u00e9galement g\u00e9rer le stockage des cookies dans votre navigateur via des outils tels que :<\/p>\r\n<p class=\"ds-markdown-paragraph\">Ghostery :\u00a0<a href=\"https:\/\/www.ghostery.com\/\" target=\"_blank\" rel=\"noreferrer\">www.ghostery.com<\/a><\/p>\r\n<p class=\"ds-markdown-paragraph\">Your online choices :\u00a0<a href=\"https:\/\/www.youronlinechoices.com\/fr\" target=\"_blank\" rel=\"noreferrer\">www.youronlinechoices.com\/fr<\/a><\/p>\r\n<p class=\"ds-markdown-paragraph\">Cookies utilis\u00e9es sur\u00a0<a href=\"https:\/\/www.rentalscollection.com\/\" target=\"_blank\" rel=\"noreferrer\">www.rentalscollection.com<\/a><\/p>\r\n<p class=\"ds-markdown-paragraph\">Les cookies actuellement utilis\u00e9es sur ce portail sont identifi\u00e9es ci-dessous, ainsi que leur typologie et leur fonction :<\/p>\r\n<p class=\"ds-markdown-paragraph\">Acceptation de la Politique relative aux cookies<\/p>\r\n<p class=\"ds-markdown-paragraph\"><a href=\"https:\/\/www.rentalscollection.com\/\" target=\"_blank\" rel=\"noreferrer\">www.rentalscollection.com<\/a>\u00a0suppose que vous acceptez l'utilisation des cookies. N\u00e9anmoins, des informations sur sa Politique relative aux cookies sont affich\u00e9es en bas ou en haut de chaque page du portail \u00e0 chaque connexion, afin que vous en soyez conscient. Face \u00e0 ces informations, il est possible d'effectuer les actions suivantes :<\/p>\r\n<p class=\"ds-markdown-paragraph\">Accepter les cookies. Cet avis ne sera plus affich\u00e9 lors de l'acc\u00e8s \u00e0 n'importe quelle page du portail au cours de la pr\u00e9sente session.<\/p>\r\n<p class=\"ds-markdown-paragraph\">Fermer. L'avis est masqu\u00e9 sur la pr\u00e9sente page.<\/p>\r\n<p class=\"ds-markdown-paragraph\">Modifier votre configuration. Vous pourrez obtenir plus d'informations sur ce que sont les cookies, prendre connaissance de la Politique relative aux cookies de\u00a0<a href=\"https:\/\/www.rentalscollection.com\/\" target=\"_blank\" rel=\"noreferrer\">www.rentalscollection.com<\/a>\u00a0et modifier la configuration de votre navigateur.<\/p>\r\n<p>\u00a0<\/p>\r\n<div class=\"ds-message _63c77b1\">\r\n<div class=\"ds-markdown\">\r\n<p class=\"ds-markdown-paragraph\"><strong>Acceptation de la Politique relative aux cookies<\/strong><\/p>\r\n<\/div>\r\n<\/div>\r\n<p class=\"ds-markdown-paragraph\"><a href=\"https:\/\/www.rentalscollection.com\/\" target=\"_blank\" rel=\"noreferrer\">www.rentalscollection.com<\/a>\u00a0suppose que vous acceptez l'utilisation des cookies. N\u00e9anmoins, il affiche des informations sur sa Politique relative aux cookies en bas ou en haut de chaque page du portail \u00e0 chaque connexion, afin que vous en soyez conscient. Face \u00e0 ces informations, il est possible d'effectuer les actions suivantes :<\/p>\r\n<p class=\"ds-markdown-paragraph\">Accepter les cookies. Cet avis ne sera plus affich\u00e9 lors de l'acc\u00e8s \u00e0 n'importe quelle page du portail au cours de la pr\u00e9sente session.<\/p>\r\n<p class=\"ds-markdown-paragraph\">Fermer. L'avis est masqu\u00e9 sur la pr\u00e9sente page.<\/p>\r\n<p class=\"ds-markdown-paragraph\">Modifier votre configuration. Vous pourrez obtenir plus d'informations sur ce que sont les cookies, prendre connaissance de la Politique relative aux cookies de\u00a0<a href=\"https:\/\/www.rentalscollection.com\/\" target=\"_blank\" rel=\"noreferrer\">www.rentalscollection.com<\/a>\u00a0et modifier la configuration de votre navigateur.<\/p><\/div><\/div><\/div>\n","protected":false},"excerpt":{"rendered":"","protected":false},"author":1,"featured_media":0,"parent":0,"menu_order":0,"comment_status":"closed","ping_status":"closed","template":"","meta":{"footnotes":""},"class_list":["post-2698","page","type-page","status-publish","hentry"],"yoast_head":"<!-- This site is optimized with the Yoast SEO plugin v26.7 - https:\/\/yoast.com\/wordpress\/plugins\/seo\/ -->\n<title>Politique de Cookies - Blog<\/title>\n<meta name=\"robots\" content=\"noindex, nofollow\" \/>\n<meta property=\"og:locale\" content=\"fr_FR\" \/>\n<meta property=\"og:type\" content=\"article\" \/>\n<meta property=\"og:title\" content=\"Politique de Cookies - Blog\" \/>\n<meta property=\"og:url\" content=\"https:\/\/demo-335.avantio.dev\/fr\/politique-de-cookies\/\" \/>\n<meta property=\"og:site_name\" content=\"Blog\" \/>\n<meta name=\"twitter:card\" content=\"summary_large_image\" \/>\n<script type=\"application\/ld+json\" class=\"yoast-schema-graph\">{\"@context\":\"https:\/\/schema.org\",\"@graph\":[{\"@type\":\"WebPage\",\"@id\":\"https:\/\/demo-335.avantio.dev\/fr\/politique-de-cookies\/\",\"url\":\"https:\/\/demo-335.avantio.dev\/fr\/politique-de-cookies\/\",\"name\":\"Politique de Cookies - Blog\",\"isPartOf\":{\"@id\":\"https:\/\/demo-335.avantio.dev\/fr\/#website\"},\"datePublished\":\"2026-01-13T08:42:31+00:00\",\"breadcrumb\":{\"@id\":\"https:\/\/demo-335.avantio.dev\/fr\/politique-de-cookies\/#breadcrumb\"},\"inLanguage\":\"fr-FR\",\"potentialAction\":[{\"@type\":\"ReadAction\",\"target\":[\"https:\/\/demo-335.avantio.dev\/fr\/politique-de-cookies\/\"]}]},{\"@type\":\"BreadcrumbList\",\"@id\":\"https:\/\/demo-335.avantio.dev\/fr\/politique-de-cookies\/#breadcrumb\",\"itemListElement\":[{\"@type\":\"ListItem\",\"position\":1,\"name\":\"Home\",\"item\":\"https:\/\/demo-335.avantio.dev\/fr\/\"},{\"@type\":\"ListItem\",\"position\":2,\"name\":\"Politique de Cookies\"}]},{\"@type\":\"WebSite\",\"@id\":\"https:\/\/demo-335.avantio.dev\/fr\/#website\",\"url\":\"https:\/\/demo-335.avantio.dev\/fr\/\",\"name\":\"Blog\",\"description\":\"\",\"potentialAction\":[{\"@type\":\"SearchAction\",\"target\":{\"@type\":\"EntryPoint\",\"urlTemplate\":\"https:\/\/demo-335.avantio.dev\/fr\/?s={search_term_string}\"},\"query-input\":{\"@type\":\"PropertyValueSpecification\",\"valueRequired\":true,\"valueName\":\"search_term_string\"}}],\"inLanguage\":\"fr-FR\"}]}<\/script>\n<!-- \/ Yoast SEO plugin. -->","yoast_head_json":{"title":"Politique de Cookies - Blog","robots":{"index":"noindex","follow":"nofollow"},"og_locale":"fr_FR","og_type":"article","og_title":"Politique de Cookies - Blog","og_url":"https:\/\/demo-335.avantio.dev\/fr\/politique-de-cookies\/","og_site_name":"Blog","twitter_card":"summary_large_image","schema":{"@context":"https:\/\/schema.org","@graph":[{"@type":"WebPage","@id":"https:\/\/demo-335.avantio.dev\/fr\/politique-de-cookies\/","url":"https:\/\/demo-335.avantio.dev\/fr\/politique-de-cookies\/","name":"Politique de Cookies - Blog","isPartOf":{"@id":"https:\/\/demo-335.avantio.dev\/fr\/#website"},"datePublished":"2026-01-13T08:42:31+00:00","breadcrumb":{"@id":"https:\/\/demo-335.avantio.dev\/fr\/politique-de-cookies\/#breadcrumb"},"inLanguage":"fr-FR","potentialAction":[{"@type":"ReadAction","target":["https:\/\/demo-335.avantio.dev\/fr\/politique-de-cookies\/"]}]},{"@type":"BreadcrumbList","@id":"https:\/\/demo-335.avantio.dev\/fr\/politique-de-cookies\/#breadcrumb","itemListElement":[{"@type":"ListItem","position":1,"name":"Home","item":"https:\/\/demo-335.avantio.dev\/fr\/"},{"@type":"ListItem","position":2,"name":"Politique de Cookies"}]},{"@type":"WebSite","@id":"https:\/\/demo-335.avantio.dev\/fr\/#website","url":"https:\/\/demo-335.avantio.dev\/fr\/","name":"Blog","description":"","potentialAction":[{"@type":"SearchAction","target":{"@type":"EntryPoint","urlTemplate":"https:\/\/demo-335.avantio.dev\/fr\/?s={search_term_string}"},"query-input":{"@type":"PropertyValueSpecification","valueRequired":true,"valueName":"search_term_string"}}],"inLanguage":"fr-FR"}]}},"_links":{"self":[{"href":"https:\/\/demo-335.avantio.dev\/fr\/wp-json\/wp\/v2\/pages\/2698","targetHints":{"allow":["GET"]}}],"collection":[{"href":"https:\/\/demo-335.avantio.dev\/fr\/wp-json\/wp\/v2\/pages"}],"about":[{"href":"https:\/\/demo-335.avantio.dev\/fr\/wp-json\/wp\/v2\/types\/page"}],"author":[{"embeddable":true,"href":"https:\/\/demo-335.avantio.dev\/fr\/wp-json\/wp\/v2\/users\/1"}],"replies":[{"embeddable":true,"href":"https:\/\/demo-335.avantio.dev\/fr\/wp-json\/wp\/v2\/comments?post=2698"}],"version-history":[{"count":0,"href":"https:\/\/demo-335.avantio.dev\/fr\/wp-json\/wp\/v2\/pages\/2698\/revisions"}],"wp:attachment":[{"href":"https:\/\/demo-335.avantio.dev\/fr\/wp-json\/wp\/v2\/media?parent=2698"}],"curies":[{"name":"wp","href":"https:\/\/api.w.org\/{rel}","templated":true}]}}